{"id":80,"date":"2020-12-24T15:11:25","date_gmt":"2020-12-24T15:11:25","guid":{"rendered":"http:\/\/bufetecolon.wpengine.com\/?page_id=80"},"modified":"2021-06-09T01:45:15","modified_gmt":"2021-06-09T01:45:15","slug":"eduardo-manuel-roman-espada","status":"publish","type":"page","link":"https:\/\/www.colonroman.com\/es\/eduardo-manuel-roman-espada\/","title":{"rendered":"Eduardo Manuel Roman Espada"},"content":{"rendered":"<div data-elementor-type=\"wp-page\" data-elementor-id=\"80\" class=\"elementor elementor-80\">\n\t\t\t\t\t\t\t\t\t<section class=\"elementor-section elementor-top-section elementor-element elementor-element-25f998af elementor-section-boxed elementor-section-height-default elementor-section-height-default\" data-id=\"25f998af\" data-element_type=\"section\" data-settings=\"{&quot;background_background&quot;:&quot;classic&quot;}\">\n\t\t\t\t\t\t<div class=\"elementor-container elementor-column-gap-default\">\n\t\t\t\t\t<div class=\"elementor-column elementor-col-50 elementor-top-column elementor-element elementor-element-266af205\" data-id=\"266af205\" data-element_type=\"column\">\n\t\t\t<div class=\"elementor-widget-wrap elementor-element-populated\">\n\t\t\t\t\t\t\t\t<section class=\"elementor-section elementor-inner-section elementor-element elementor-element-6d597486 elementor-section-boxed elementor-section-height-default elementor-section-height-default\" data-id=\"6d597486\" data-element_type=\"section\">\n\t\t\t\t\t\t<div class=\"elementor-container elementor-column-gap-default\">\n\t\t\t\t\t<div class=\"elementor-column elementor-col-50 elementor-inner-column elementor-element elementor-element-81a4eb7\" data-id=\"81a4eb7\" data-element_type=\"column\">\n\t\t\t<div class=\"elementor-widget-wrap elementor-element-populated\">\n\t\t\t\t\t\t\t\t<div class=\"elementor-element elementor-element-1de3e226 elementor-widget elementor-widget-image\" data-id=\"1de3e226\" data-element_type=\"widget\" data-widget_type=\"image.default\">\n\t\t\t\t<div class=\"elementor-widget-container\">\n\t\t\t\t\t\t\t\t\t\t\t\t\t\t\t<img decoding=\"async\" loading=\"lazy\" width=\"230\" height=\"272\" src=\"https:\/\/www.colonroman.com\/wp-content\/uploads\/2021\/01\/legal-team-pics.psdedgardo-230.jpg\" class=\"attachment-full size-full wp-image-161\" alt=\"\" srcset=\"https:\/\/www.colonroman.com\/wp-content\/uploads\/2021\/01\/legal-team-pics.psdedgardo-230.jpg 230w, https:\/\/www.colonroman.com\/wp-content\/uploads\/2021\/01\/legal-team-pics.psdedgardo-230-10x12.jpg 10w\" sizes=\"(max-width: 230px) 100vw, 230px\" \/>\t\t\t\t\t\t\t\t\t\t\t\t\t\t\t<\/div>\n\t\t\t\t<\/div>\n\t\t\t\t\t<\/div>\n\t\t<\/div>\n\t\t\t\t<div class=\"elementor-column elementor-col-50 elementor-inner-column elementor-element elementor-element-6552df87\" data-id=\"6552df87\" data-element_type=\"column\">\n\t\t\t<div class=\"elementor-widget-wrap elementor-element-populated\">\n\t\t\t\t\t\t\t\t<div class=\"elementor-element elementor-element-4ea3716e elementor-widget elementor-widget-heading\" data-id=\"4ea3716e\" data-element_type=\"widget\" data-widget_type=\"heading.default\">\n\t\t\t\t<div class=\"elementor-widget-container\">\n\t\t\t<h4 class=\"elementor-heading-title elementor-size-default\">Edgardo Manuel Roman Espada<\/h4>\t\t<\/div>\n\t\t\t\t<\/div>\n\t\t\t\t<div class=\"elementor-element elementor-element-15cbb75e elementor-widget elementor-widget-heading\" data-id=\"15cbb75e\" data-element_type=\"widget\" data-widget_type=\"heading.default\">\n\t\t\t\t<div class=\"elementor-widget-container\">\n\t\t\t<h6 class=\"elementor-heading-title elementor-size-default\">Abogado - Notario Publico<\/h6>\t\t<\/div>\n\t\t\t\t<\/div>\n\t\t\t\t<div class=\"elementor-element elementor-element-6c64f55a elementor-icon-list--layout-traditional elementor-list-item-link-full_width elementor-widget elementor-widget-icon-list\" data-id=\"6c64f55a\" data-element_type=\"widget\" data-widget_type=\"icon-list.default\">\n\t\t\t\t<div class=\"elementor-widget-container\">\n\t\t\t\t\t<ul class=\"elementor-icon-list-items\">\n\t\t\t\t\t\t\t<li class=\"elementor-icon-list-item\">\n\t\t\t\t\t\t\t\t\t\t\t<a href=\"mailto:eroman@colonroman.com\">\n\n\t\t\t\t\t\t\t\t\t\t\t\t<span class=\"elementor-icon-list-icon\">\n\t\t\t\t\t\t\t<i aria-hidden=\"true\" class=\"fas fa-envelope\"><\/i>\t\t\t\t\t\t<\/span>\n\t\t\t\t\t\t\t\t\t\t<span class=\"elementor-icon-list-text\">eroman@colonroman.com<\/span>\n\t\t\t\t\t\t\t\t\t\t\t<\/a>\n\t\t\t\t\t\t\t\t\t<\/li>\n\t\t\t\t\t\t\t\t<li class=\"elementor-icon-list-item\">\n\t\t\t\t\t\t\t\t\t\t\t<a href=\"http:\/\/bufetecolon.wpengine.com\/wp-content\/uploads\/2020\/12\/Biz-Cards-bufete-CSR_Edgardo.pdf\">\n\n\t\t\t\t\t\t\t\t\t\t\t\t<span class=\"elementor-icon-list-icon\">\n\t\t\t\t\t\t\t<i aria-hidden=\"true\" class=\"fas fa-address-card\"><\/i>\t\t\t\t\t\t<\/span>\n\t\t\t\t\t\t\t\t\t\t<span class=\"elementor-icon-list-text\">Download vCard<\/span>\n\t\t\t\t\t\t\t\t\t\t\t<\/a>\n\t\t\t\t\t\t\t\t\t<\/li>\n\t\t\t\t\t\t<\/ul>\n\t\t\t\t<\/div>\n\t\t\t\t<\/div>\n\t\t\t\t\t<\/div>\n\t\t<\/div>\n\t\t\t\t\t\t\t<\/div>\n\t\t<\/section>\n\t\t\t\t\t<\/div>\n\t\t<\/div>\n\t\t\t\t<div class=\"elementor-column elementor-col-50 elementor-top-column elementor-element elementor-element-5b10425c\" data-id=\"5b10425c\" data-element_type=\"column\" data-settings=\"{&quot;background_background&quot;:&quot;classic&quot;}\">\n\t\t\t<div class=\"elementor-widget-wrap elementor-element-populated\">\n\t\t\t\t\t\t\t\t<div class=\"elementor-element elementor-element-2a0ec437 elementor-widget elementor-widget-heading\" data-id=\"2a0ec437\" data-element_type=\"widget\" data-widget_type=\"heading.default\">\n\t\t\t\t<div class=\"elementor-widget-container\">\n\t\t\t<h4 class=\"elementor-heading-title elementor-size-default\">Especialidades<\/h4>\t\t<\/div>\n\t\t\t\t<\/div>\n\t\t\t\t<div class=\"elementor-element elementor-element-2c21686f elementor-icon-list--layout-traditional elementor-list-item-link-full_width elementor-widget elementor-widget-icon-list\" data-id=\"2c21686f\" data-element_type=\"widget\" data-widget_type=\"icon-list.default\">\n\t\t\t\t<div class=\"elementor-widget-container\">\n\t\t\t\t\t<ul class=\"elementor-icon-list-items\">\n\t\t\t\t\t\t\t<li class=\"elementor-icon-list-item\">\n\t\t\t\t\t\t\t\t\t\t<span class=\"elementor-icon-list-text\">Consejeria Legal<\/span>\n\t\t\t\t\t\t\t\t\t<\/li>\n\t\t\t\t\t\t\t\t<li class=\"elementor-icon-list-item\">\n\t\t\t\t\t\t\t\t\t\t<span class=\"elementor-icon-list-text\">Litigaci\u00f3n<\/span>\n\t\t\t\t\t\t\t\t\t<\/li>\n\t\t\t\t\t\t\t\t<li class=\"elementor-icon-list-item\">\n\t\t\t\t\t\t\t\t\t\t<span class=\"elementor-icon-list-text\">Derechos Civiles<\/span>\n\t\t\t\t\t\t\t\t\t<\/li>\n\t\t\t\t\t\t\t\t<li class=\"elementor-icon-list-item\">\n\t\t\t\t\t\t\t\t\t\t<span class=\"elementor-icon-list-text\">Trabajo<\/span>\n\t\t\t\t\t\t\t\t\t<\/li>\n\t\t\t\t\t\t\t\t<li class=\"elementor-icon-list-item\">\n\t\t\t\t\t\t\t\t\t\t<span class=\"elementor-icon-list-text\">Litigaci\u00f3n Comercial<\/span>\n\t\t\t\t\t\t\t\t\t<\/li>\n\t\t\t\t\t\t\t\t<li class=\"elementor-icon-list-item\">\n\t\t\t\t\t\t\t\t\t\t<span class=\"elementor-icon-list-text\">Mercadeo<\/span>\n\t\t\t\t\t\t\t\t\t<\/li>\n\t\t\t\t\t\t\t\t<li class=\"elementor-icon-list-item\">\n\t\t\t\t\t\t\t\t\t\t<span class=\"elementor-icon-list-text\">Ambiental<\/span>\n\t\t\t\t\t\t\t\t\t<\/li>\n\t\t\t\t\t\t\t\t<li class=\"elementor-icon-list-item\">\n\t\t\t\t\t\t\t\t\t\t<span class=\"elementor-icon-list-text\">Contratos<\/span>\n\t\t\t\t\t\t\t\t\t<\/li>\n\t\t\t\t\t\t\t\t<li class=\"elementor-icon-list-item\">\n\t\t\t\t\t\t\t\t\t\t<span class=\"elementor-icon-list-text\">Hipotecas<\/span>\n\t\t\t\t\t\t\t\t\t<\/li>\n\t\t\t\t\t\t\t\t<li class=\"elementor-icon-list-item\">\n\t\t\t\t\t\t\t\t\t\t<span class=\"elementor-icon-list-text\">Banca<\/span>\n\t\t\t\t\t\t\t\t\t<\/li>\n\t\t\t\t\t\t\t\t<li class=\"elementor-icon-list-item\">\n\t\t\t\t\t\t\t\t\t\t<span class=\"elementor-icon-list-text\">Notarial<\/span>\n\t\t\t\t\t\t\t\t\t<\/li>\n\t\t\t\t\t\t<\/ul>\n\t\t\t\t<\/div>\n\t\t\t\t<\/div>\n\t\t\t\t\t<\/div>\n\t\t<\/div>\n\t\t\t\t\t\t\t<\/div>\n\t\t<\/section>\n\t\t\t\t<section class=\"elementor-section elementor-top-section elementor-element elementor-element-40f485d4 elementor-section-boxed elementor-section-height-default elementor-section-height-default\" data-id=\"40f485d4\" data-element_type=\"section\">\n\t\t\t\t\t\t<div class=\"elementor-container elementor-column-gap-wider\">\n\t\t\t\t\t<div class=\"elementor-column elementor-col-50 elementor-top-column elementor-element elementor-element-57d1e5e3\" data-id=\"57d1e5e3\" data-element_type=\"column\">\n\t\t\t<div class=\"elementor-widget-wrap elementor-element-populated\">\n\t\t\t\t\t\t\t\t<div class=\"elementor-element elementor-element-e2f773d elementor-blockquote--skin-border elementor-blockquote--button-color-official elementor-widget elementor-widget-blockquote\" data-id=\"e2f773d\" data-element_type=\"widget\" data-widget_type=\"blockquote.default\">\n\t\t\t\t<div class=\"elementor-widget-container\">\n\t\t\t\t\t<blockquote class=\"elementor-blockquote\">\n\t\t\t<p class=\"elementor-blockquote__content\">\n\t\t\t\t\"Porque amo la profesi\u00f3n, busco cumplir el deseo de hacer justicia, ofrecer mi mejor consejo legal y redactar con celo los documentos notariales. Aqu\u00ed se respeta y se valora a quienes representamos.\"\t\t\t<\/p>\n\t\t\t\t\t<\/blockquote>\n\t\t\t\t<\/div>\n\t\t\t\t<\/div>\n\t\t\t\t<div class=\"elementor-element elementor-element-6c50a776 elementor-widget elementor-widget-text-editor\" data-id=\"6c50a776\" data-element_type=\"widget\" data-widget_type=\"text-editor.default\">\n\t\t\t\t<div class=\"elementor-widget-container\">\n\t\t\t\t\t\t\t<p>Con veinte a\u00f1os de experiencia en litigaci\u00f3n civil en las cortes locales con \u00e9nfasis en consejer\u00eda legal, litigaci\u00f3n, procesos administrativos y apelativos con respecto a derechos civiles, leyes laborables, litigaci\u00f3n comercial, mercadeo, contratos y leyes ambientales, hipotecas, banca y notarial.<\/p>\t\t\t\t\t\t<\/div>\n\t\t\t\t<\/div>\n\t\t\t\t<div class=\"elementor-element elementor-element-b48c03a elementor-widget elementor-widget-heading\" data-id=\"b48c03a\" data-element_type=\"widget\" data-widget_type=\"heading.default\">\n\t\t\t\t<div class=\"elementor-widget-container\">\n\t\t\t<h4 class=\"elementor-heading-title elementor-size-default\">Organizaciones Profesionales<\/h4>\t\t<\/div>\n\t\t\t\t<\/div>\n\t\t\t\t<div class=\"elementor-element elementor-element-ab873d2 elementor-widget elementor-widget-text-editor\" data-id=\"ab873d2\" data-element_type=\"widget\" data-widget_type=\"text-editor.default\">\n\t\t\t\t<div class=\"elementor-widget-container\">\n\t\t\t\t\t\t\t<p>General Coordinator of the Puerto Rico Coalition Against Death Penalty (2015-present, 2010-2013); Vice President of Puerto Rico Bar&#8217;s Human Rights Committee (2002); President of Puerto Rico Bar\u2019s Ad Hoc Committee on Death Penalty (2003-2004), Commissioner (2003-present); President of the R\u00edo Piedras Delegation of the Puerto Rico Bar (2012-2014); Treasurer of the R\u00edo Piedras Delegation of the Puerto Rico Bar (2014-2016).President of Colegio de Abogados y Abogadas de Puerto Rico.<span style=\"font-size: 16px; color: var( --e-global-color-text ); font-family: var( --e-global-typography-text-font-family ), Sans-serif;\"> 2018<\/span><\/p>\t\t\t\t\t\t<\/div>\n\t\t\t\t<\/div>\n\t\t\t\t\t<\/div>\n\t\t<\/div>\n\t\t\t\t<div class=\"elementor-column elementor-col-50 elementor-top-column elementor-element elementor-element-3729b344\" data-id=\"3729b344\" data-element_type=\"column\">\n\t\t\t<div class=\"elementor-widget-wrap elementor-element-populated\">\n\t\t\t\t\t\t\t\t<div class=\"elementor-element elementor-element-3afdb7c1 elementor-widget elementor-widget-heading\" data-id=\"3afdb7c1\" data-element_type=\"widget\" data-widget_type=\"heading.default\">\n\t\t\t\t<div class=\"elementor-widget-container\">\n\t\t\t<h4 class=\"elementor-heading-title elementor-size-default\">Admitido<\/h4>\t\t<\/div>\n\t\t\t\t<\/div>\n\t\t\t\t<div class=\"elementor-element elementor-element-3dc1abf2 elementor-widget elementor-widget-text-editor\" data-id=\"3dc1abf2\" data-element_type=\"widget\" data-widget_type=\"text-editor.default\">\n\t\t\t\t<div class=\"elementor-widget-container\">\n\t\t\t\t\t\t\t<p>1992, Puerto Rico; 1999 U.S. First Circuit Court of Appeals<\/p>\t\t\t\t\t\t<\/div>\n\t\t\t\t<\/div>\n\t\t\t\t<div class=\"elementor-element elementor-element-72479444 elementor-widget elementor-widget-heading\" data-id=\"72479444\" data-element_type=\"widget\" data-widget_type=\"heading.default\">\n\t\t\t\t<div class=\"elementor-widget-container\">\n\t\t\t<h4 class=\"elementor-heading-title elementor-size-default\">Educaci\u00f3n<\/h4>\t\t<\/div>\n\t\t\t\t<\/div>\n\t\t\t\t<div class=\"elementor-element elementor-element-4300039a elementor-widget elementor-widget-text-editor\" data-id=\"4300039a\" data-element_type=\"widget\" data-widget_type=\"text-editor.default\">\n\t\t\t\t<div class=\"elementor-widget-container\">\n\t\t\t\t\t\t\t<p>B.A. in Economics, Social Sciences Faculty, University of Puerto Rico, R\u00edo Piedras Campus, Magna Cum Laude, 1979-1983; Graduate studies in Economics, State Univesity of New York, Binghamton, 1983-1984; Graduate studies in Economics, University of Puerto Rico, R\u00edo Piedras Campus, 1986-1987; University of Puerto Rico School of Law, Juris Doctor, Cum Laude, 1987-1991.<\/p>\t\t\t\t\t\t<\/div>\n\t\t\t\t<\/div>\n\t\t\t\t<div class=\"elementor-element elementor-element-43d7cb2c elementor-widget elementor-widget-heading\" data-id=\"43d7cb2c\" data-element_type=\"widget\" data-widget_type=\"heading.default\">\n\t\t\t\t<div class=\"elementor-widget-container\">\n\t\t\t<h4 class=\"elementor-heading-title elementor-size-default\">Lenguajes<\/h4>\t\t<\/div>\n\t\t\t\t<\/div>\n\t\t\t\t<div class=\"elementor-element elementor-element-4e464694 elementor-widget elementor-widget-text-editor\" data-id=\"4e464694\" data-element_type=\"widget\" data-widget_type=\"text-editor.default\">\n\t\t\t\t<div class=\"elementor-widget-container\">\n\t\t\t\t\t\t\t<p>Ingl\u00e9s y Espa\u00f1ol<\/p>\t\t\t\t\t\t<\/div>\n\t\t\t\t<\/div>\n\t\t\t\t<div class=\"elementor-element elementor-element-8a01b33 elementor-widget elementor-widget-heading\" data-id=\"8a01b33\" data-element_type=\"widget\" data-widget_type=\"heading.default\">\n\t\t\t\t<div class=\"elementor-widget-container\">\n\t\t\t<h4 class=\"elementor-heading-title elementor-size-default\">Nacimiento<\/h4>\t\t<\/div>\n\t\t\t\t<\/div>\n\t\t\t\t<div class=\"elementor-element elementor-element-8fc3e87 elementor-widget elementor-widget-text-editor\" data-id=\"8fc3e87\" data-element_type=\"widget\" data-widget_type=\"text-editor.default\">\n\t\t\t\t<div class=\"elementor-widget-container\">\n\t\t\t\t\t\t\t<p>Puerto Rico, 1961<\/p>\t\t\t\t\t\t<\/div>\n\t\t\t\t<\/div>\n\t\t\t\t\t<\/div>\n\t\t<\/div>\n\t\t\t\t\t\t\t<\/div>\n\t\t<\/section>\n\t\t\t\t\t\t\t<\/div>","protected":false},"excerpt":{"rendered":"<p>Edgardo Manuel Roman Espada Attorney &#8211; Public Notary eroman@colonroman.com Download vCard Practice Areas Legal Advice Litigation Civil Rights Labor Commercial Litigation Marketing Environmental Contracts Morgage Banking Notarial &#8220;I love this profession, therefore I seek to fulfill an aspiration to achieve justice, offer my best legal advice and prepare notarial documents with a high level of &hellip;<\/p>\n<p class=\"read-more\"> <a class=\"\" href=\"https:\/\/www.colonroman.com\/es\/eduardo-manuel-roman-espada\/\"> <span class=\"screen-reader-text\">Eduardo Manuel Roman Espada<\/span> Read More &raquo;<\/a><\/p>","protected":false},"author":2,"featured_media":0,"parent":0,"menu_order":0,"comment_status":"closed","ping_status":"closed","template":"elementor_header_footer","meta":{"inline_featured_image":false,"site-sidebar-layout":"no-sidebar","site-content-layout":"page-builder","ast-main-header-display":"","ast-hfb-above-header-display":"","ast-hfb-below-header-display":"","ast-hfb-mobile-header-display":"","site-post-title":"disabled","ast-breadcrumbs-content":"","ast-featured-img":"disabled","footer-sml-layout":"","theme-transparent-header-meta":"default","adv-header-id-meta":"","stick-header-meta":"","header-above-stick-meta":"","header-main-stick-meta":"","header-below-stick-meta":"","footnotes":""},"yoast_head":"<!-- This site is optimized with the Yoast SEO plugin v20.13 - https:\/\/yoast.com\/wordpress\/plugins\/seo\/ -->\n<title>Eduardo Manuel Roman Espada - Bufete Col\u00f3n Santana &amp; Roman<\/title>\n<meta name=\"robots\" content=\"noindex, follow, max-snippet:-1, max-image-preview:large, max-video-preview:-1\" \/>\n<meta property=\"og:locale\" content=\"es_ES\" \/>\n<meta property=\"og:type\" content=\"article\" \/>\n<meta property=\"og:title\" content=\"Eduardo Manuel Roman Espada - Bufete Col\u00f3n Santana &amp; Roman\" \/>\n<meta property=\"og:description\" content=\"Edgardo Manuel Roman Espada Attorney &#8211; Public Notary eroman@colonroman.com Download vCard Practice Areas Legal Advice Litigation Civil Rights Labor Commercial Litigation Marketing Environmental Contracts Morgage Banking Notarial &#8220;I love this profession, therefore I seek to fulfill an aspiration to achieve justice, offer my best legal advice and prepare notarial documents with a high level of &hellip; Eduardo Manuel Roman Espada Read More &raquo;\" \/>\n<meta property=\"og:url\" content=\"https:\/\/www.colonroman.com\/es\/eduardo-manuel-roman-espada\/\" \/>\n<meta property=\"og:site_name\" content=\"Bufete Col\u00f3n Santana &amp; Roman\" \/>\n<meta property=\"article:modified_time\" content=\"2021-06-09T01:45:15+00:00\" \/>\n<meta property=\"og:image\" content=\"http:\/\/bufetecolon.wpengine.com\/wp-content\/uploads\/2021\/01\/legal-team-pics.psdedgardo-230.jpg\" \/>\n<meta name=\"twitter:card\" content=\"summary_large_image\" \/>\n<meta name=\"twitter:label1\" content=\"Est. reading time\" \/>\n\t<meta name=\"twitter:data1\" content=\"2 minutos\" \/>\n<script type=\"application\/ld+json\" class=\"yoast-schema-graph\">{\"@context\":\"https:\/\/schema.org\",\"@graph\":[{\"@type\":\"WebPage\",\"@id\":\"https:\/\/www.colonroman.com\/eduardo-manuel-roman-espada\/\",\"url\":\"https:\/\/www.colonroman.com\/eduardo-manuel-roman-espada\/\",\"name\":\"Eduardo Manuel Roman Espada - Bufete Col\u00f3n Santana &amp; Roman\",\"isPartOf\":{\"@id\":\"https:\/\/www.colonroman.com\/#website\"},\"datePublished\":\"2020-12-24T15:11:25+00:00\",\"dateModified\":\"2021-06-09T01:45:15+00:00\",\"breadcrumb\":{\"@id\":\"https:\/\/www.colonroman.com\/eduardo-manuel-roman-espada\/#breadcrumb\"},\"inLanguage\":\"es\",\"potentialAction\":[{\"@type\":\"ReadAction\",\"target\":[\"https:\/\/www.colonroman.com\/eduardo-manuel-roman-espada\/\"]}]},{\"@type\":\"BreadcrumbList\",\"@id\":\"https:\/\/www.colonroman.com\/eduardo-manuel-roman-espada\/#breadcrumb\",\"itemListElement\":[{\"@type\":\"ListItem\",\"position\":1,\"name\":\"Home\",\"item\":\"https:\/\/www.colonroman.com\/\"},{\"@type\":\"ListItem\",\"position\":2,\"name\":\"Eduardo Manuel Roman Espada\"}]},{\"@type\":\"WebSite\",\"@id\":\"https:\/\/www.colonroman.com\/#website\",\"url\":\"https:\/\/www.colonroman.com\/\",\"name\":\"Bufete Col\u00f3n Santana &amp; Roman\",\"description\":\"Law firm based in Puerto Rico, providing high-quality advice and assistance in all aspects of corporate &amp; civil law.\",\"publisher\":{\"@id\":\"https:\/\/www.colonroman.com\/#organization\"},\"potentialAction\":[{\"@type\":\"SearchAction\",\"target\":{\"@type\":\"EntryPoint\",\"urlTemplate\":\"https:\/\/www.colonroman.com\/?s={search_term_string}\"},\"query-input\":\"required name=search_term_string\"}],\"inLanguage\":\"es\"},{\"@type\":\"Organization\",\"@id\":\"https:\/\/www.colonroman.com\/#organization\",\"name\":\"Bufete Col\u00f3n Santana &amp; Roman\",\"url\":\"https:\/\/www.colonroman.com\/\",\"logo\":{\"@type\":\"ImageObject\",\"inLanguage\":\"es\",\"@id\":\"https:\/\/www.colonroman.com\/#\/schema\/logo\/image\/\",\"url\":\"https:\/\/www.colonroman.com\/wp-content\/uploads\/2020\/12\/header-logo.svg\",\"contentUrl\":\"https:\/\/www.colonroman.com\/wp-content\/uploads\/2020\/12\/header-logo.svg\",\"width\":240,\"height\":50,\"caption\":\"Bufete Col\u00f3n Santana &amp; Roman\"},\"image\":{\"@id\":\"https:\/\/www.colonroman.com\/#\/schema\/logo\/image\/\"}}]}<\/script>\n<!-- \/ Yoast SEO plugin. -->","yoast_head_json":{"title":"Eduardo Manuel Roman Espada - Bufete Col\u00f3n Santana &amp; Roman","robots":{"index":"noindex","follow":"follow","max-snippet":"max-snippet:-1","max-image-preview":"max-image-preview:large","max-video-preview":"max-video-preview:-1"},"og_locale":"es_ES","og_type":"article","og_title":"Eduardo Manuel Roman Espada - Bufete Col\u00f3n Santana &amp; Roman","og_description":"Edgardo Manuel Roman Espada Attorney &#8211; Public Notary eroman@colonroman.com Download vCard Practice Areas Legal Advice Litigation Civil Rights Labor Commercial Litigation Marketing Environmental Contracts Morgage Banking Notarial &#8220;I love this profession, therefore I seek to fulfill an aspiration to achieve justice, offer my best legal advice and prepare notarial documents with a high level of &hellip; Eduardo Manuel Roman Espada Read More &raquo;","og_url":"https:\/\/www.colonroman.com\/es\/eduardo-manuel-roman-espada\/","og_site_name":"Bufete Col\u00f3n Santana &amp; Roman","article_modified_time":"2021-06-09T01:45:15+00:00","og_image":[{"url":"http:\/\/bufetecolon.wpengine.com\/wp-content\/uploads\/2021\/01\/legal-team-pics.psdedgardo-230.jpg"}],"twitter_card":"summary_large_image","twitter_misc":{"Est. reading time":"2 minutos"},"schema":{"@context":"https:\/\/schema.org","@graph":[{"@type":"WebPage","@id":"https:\/\/www.colonroman.com\/eduardo-manuel-roman-espada\/","url":"https:\/\/www.colonroman.com\/eduardo-manuel-roman-espada\/","name":"Eduardo Manuel Roman Espada - Bufete Col\u00f3n Santana &amp; Roman","isPartOf":{"@id":"https:\/\/www.colonroman.com\/#website"},"datePublished":"2020-12-24T15:11:25+00:00","dateModified":"2021-06-09T01:45:15+00:00","breadcrumb":{"@id":"https:\/\/www.colonroman.com\/eduardo-manuel-roman-espada\/#breadcrumb"},"inLanguage":"es","potentialAction":[{"@type":"ReadAction","target":["https:\/\/www.colonroman.com\/eduardo-manuel-roman-espada\/"]}]},{"@type":"BreadcrumbList","@id":"https:\/\/www.colonroman.com\/eduardo-manuel-roman-espada\/#breadcrumb","itemListElement":[{"@type":"ListItem","position":1,"name":"Home","item":"https:\/\/www.colonroman.com\/"},{"@type":"ListItem","position":2,"name":"Eduardo Manuel Roman Espada"}]},{"@type":"WebSite","@id":"https:\/\/www.colonroman.com\/#website","url":"https:\/\/www.colonroman.com\/","name":"Bufete Col\u00f3n Santana &amp; Roman","description":"Law firm based in Puerto Rico, providing high-quality advice and assistance in all aspects of corporate &amp; civil law.","publisher":{"@id":"https:\/\/www.colonroman.com\/#organization"},"potentialAction":[{"@type":"SearchAction","target":{"@type":"EntryPoint","urlTemplate":"https:\/\/www.colonroman.com\/?s={search_term_string}"},"query-input":"required name=search_term_string"}],"inLanguage":"es"},{"@type":"Organization","@id":"https:\/\/www.colonroman.com\/#organization","name":"Bufete Col\u00f3n Santana &amp; Roman","url":"https:\/\/www.colonroman.com\/","logo":{"@type":"ImageObject","inLanguage":"es","@id":"https:\/\/www.colonroman.com\/#\/schema\/logo\/image\/","url":"https:\/\/www.colonroman.com\/wp-content\/uploads\/2020\/12\/header-logo.svg","contentUrl":"https:\/\/www.colonroman.com\/wp-content\/uploads\/2020\/12\/header-logo.svg","width":240,"height":50,"caption":"Bufete Col\u00f3n Santana &amp; Roman"},"image":{"@id":"https:\/\/www.colonroman.com\/#\/schema\/logo\/image\/"}}]}},"_links":{"self":[{"href":"https:\/\/www.colonroman.com\/es\/wp-json\/wp\/v2\/pages\/80"}],"collection":[{"href":"https:\/\/www.colonroman.com\/es\/wp-json\/wp\/v2\/pages"}],"about":[{"href":"https:\/\/www.colonroman.com\/es\/wp-json\/wp\/v2\/types\/page"}],"author":[{"embeddable":true,"href":"https:\/\/www.colonroman.com\/es\/wp-json\/wp\/v2\/users\/2"}],"replies":[{"embeddable":true,"href":"https:\/\/www.colonroman.com\/es\/wp-json\/wp\/v2\/comments?post=80"}],"version-history":[{"count":0,"href":"https:\/\/www.colonroman.com\/es\/wp-json\/wp\/v2\/pages\/80\/revisions"}],"wp:attachment":[{"href":"https:\/\/www.colonroman.com\/es\/wp-json\/wp\/v2\/media?parent=80"}],"curies":[{"name":"wp","href":"https:\/\/api.w.org\/{rel}","templated":true}]}}